{"id":2585,"date":"2021-09-21T10:56:55","date_gmt":"2021-09-21T10:56:55","guid":{"rendered":"http:\/\/casacristal.pt\/termos-e-condicoes\/"},"modified":"2022-01-25T13:51:10","modified_gmt":"2022-01-25T13:51:10","slug":"terms-and-conditions","status":"publish","type":"page","link":"https:\/\/casacristal.pt\/en\/terms-and-conditions\/","title":{"rendered":"Terms and conditions"},"content":{"rendered":"\t\t<div data-elementor-type=\"wp-post\" data-elementor-id=\"2585\" class=\"elementor elementor-2585 elementor-2574\" data-elementor-settings=\"[]\">\n\t\t\t\t\t\t<div class=\"elementor-inner\">\n\t\t\t\t\t\t\t<div class=\"elementor-section-wrap\">\n\t\t\t\t\t\t\t<section class=\"elementor-section elementor-top-section elementor-element elementor-element-7743ce04 elementor-section-boxed elementor-section-height-default elementor-section-height-default sc_fly_static\" data-id=\"7743ce04\" data-element_type=\"section\" data-settings=\"{&quot;background_background&quot;:&quot;classic&quot;}\">\n\t\t\t\t\t\t<div class=\"elementor-container elementor-column-gap-extended\">\n\t\t\t\t\t\t\t<div class=\"elementor-row\">\n\t\t\t\t\t<div class=\"elementor-column elementor-col-100 elementor-top-column elementor-element elementor-element-120429c2 sc_inner_width_none sc_content_align_inherit sc_layouts_column_icons_position_left sc_fly_static\" data-id=\"120429c2\" data-element_type=\"column\">\n\t\t\t<div class=\"elementor-column-wrap elementor-element-populated\">\n\t\t\t\t\t\t\t<div class=\"elementor-widget-wrap\">\n\t\t\t\t\t\t<div class=\"elementor-element elementor-element-601083e3 animation_type_block sc_fly_static elementor-widget elementor-widget-text-editor\" data-id=\"601083e3\" data-element_type=\"widget\" data-widget_type=\"text-editor.default\">\n\t\t\t\t<div class=\"elementor-widget-container\">\n\t\t\t\t\t\t\t\t<div class=\"elementor-text-editor elementor-clearfix\">\n\t\t\t\t<strong>General conditions<\/strong>\n<br>\n<strong>Terms and conditions<\/strong>\n<ol>\n \t<li>All the &#8220;terms and conditions&#8221; of the online store <a href=\"http:\/\/casacristal.pt\/\">http:\/\/casacristal.pt\/<\/a> of the company Casa Cristal de Tavares &amp; Ricardo Lda, headquartered at R. Marqu\u00eas da Praia e Monfort 18, 9500-089 Ponta Delgada, legal person no. 512021171, which is also its number registration at the Commercial Registry Office of Ponta Delgada, with a share capital of \u20ac50,000.00, apply to all equipment\/producer\/services ordered on this site.<\/li>\n<\/ol>\n<ol start=\"2\">\n<li>\nThe customer must carefully read the \u201cterms and conditions\u201d each time he accesses the website.<\/li>\n<\/ol><strong>\nProducts and prices<\/strong>\n<ol start=\"3\">\n \t<li>The company Casa Cristal de Tavares &amp; Ricardo Lda offers, through its online store, a wide range of products for sale.<\/li>\n<\/ol>\n<ol start=\"4\">\n<li>\nThe offer for each of the products is limited to the existing stock.<\/li><\/ol>\n<ol start=\"5\">\n<li>\nThe company reserves the right, at any time and without prior notification, to replace or modify the available products, their prices and the conditions presented.<\/li><\/ol>\n<ol start=\"6\">\n<li>\nIf the customer continues to access the website, it will be considered that he has accepted such changes.<\/li><\/ol>\n<ol start=\"7\">\n<li>\nAll prices include VAT at the legal rate in force in the Autonomous Region of the Azores.<\/li><\/ol>\n<ol start=\"8\">\n<li>\nPrices are always shown in euros.<\/li><\/ol><ol start=\"9\">\n<li>\nThe images shown may not exactly match the product shown. For technical reasons, the colors shown may also differ slightly from the actual colors.<\/li><\/ol>\n<ol start=\"10\">\n<li>\nIn very specific cases, the descriptions may have errors and, therefore, the manufacturer&#8217;s description should also be consulted.<\/li><\/ol>\n<ol start=\"11\">\n<li>\nThe products \u201cby order\u201d take, on average, up to two weeks, but there are specific products or that due to stock outs that can take longer.<\/li><\/ol><ol start=\"12\">\n<li>\nPrices and specifications subject to change without notice.<\/li><\/ol><ol start=\"13\">\n<li>\nThe company declines any responsibility for any errors published on the website.\n<\/li><\/ol><ol start=\"14\">\n<li>\nThe weight of each product does not correspond to the correct value, but to the approximate value.<\/li><\/ol>\n<\/ol>\n<strong>Ordering orders<\/strong>\n<ol start=\"15\">\n \t<li>Orders on the online store can be made 24 hours a day, 7 days a week, except in cases of failure due to force majeure.<\/li><\/ol>\n<ol start=\"16\"><li>\nWhile browsing the online store, you can add it to the shopping cart by clicking on the \u201cbuy\u201d button.<\/li><\/ol>\n<ol start=\"17\"><li>\nWhen you finish the selection of products, you can select the option, at the top of the site, \u201cx products\u201d \/ \u201cCart\u201d, to make and complete the purchase.<\/li><\/ol>\n<ol start=\"18\"><li>\nIn the &#8220;shipping&#8221; field, you can choose to have a survey at our store in Ponta Delgada, located at R. Marqu\u00eas da Praia e Monfort 18, 9500-089 Ponta Delgada<\/li>\n<\/li><\/ol>\n<ol start=\"18\"><li>\n1. We have delivery to mainland Portugal, Azores islands and Madeira islands.\n<\/li><\/ol>\n<ol start=\"18\"><li>\n2. With pick up at the Ponta Delgada store there is no shipping cost.\n<\/li><\/ol>\n<ol>\nOrders will only be accepted if deliveries are made in mainland Portugal and in the Autonomous Regions of Madeira and the Azores.\n<\/ol>\n<ol>\nOnce you have entered your personal data, please also confirm your intention to place the order.\n<\/ol>\n<ol>\nOnce the confirmation is made, the order will be processed and cannot be cancelled, except for the right of withdrawal under the terms of points 31 to 34.<\/ol>\n<ol>\nYour order will not be accepted and the contract is not concluded until you receive, by email, confirmation of acceptance of the order and make payment for it.\n<\/ol>\n<ol>\nPayment must be made at the time of order confirmation.\n<\/ol>\n<ol>\nAccepted payment methods are:\u00a0 ATM reference, VISA or bank transfer;\n<\/ol>\n<\/ol>\n<strong>Package delivery<\/strong>\n<ol start=\"24\">\n \t<li>The order will be delivered by courier (ctt, forwarding agent, ems or other service).<\/li><\/ol>\n<ol start=\"25\"><li>\nThe shipping period will, in principle, be up to 48 hours on working days, from the date of receipt and confirmation of payment for the order by the company, except for stock shortages, in which an alternative shipping period will be proposed.<\/li><\/ol>\n<ol start=\"26\"><li>\nIf there is no one at the indicated address, the order will remain at the ctt station or freight forwarder in the aforementioned address area, for 3 working days, after which it will be returned to the company. After this period, the items will return to pcbem and a new delivery will be scheduled later, this being paid for by the customer.<\/li><\/ol>\n<strong>Guarantee<\/strong>\n<ol start=\"27\">\n \t<li>Products purchased from the online store are guaranteed for two years, unless expressly stated otherwise.<\/li><\/ol>\n<ol start=\"28\"><li>\nTo benefit from this guarantee, the customer must keep the invoice as proof of purchase.<\/li><\/ol>\n<ol start=\"29\"><li>\nThe company is just a reseller. All products sold by the company are not manufactured by us. We pass on to our customers all manufacturers&#8217; warranties for a maximum of 2 years.<\/li><\/ol>\n<ol start=\"30\"><li>\nIn case you encounter difficulties in installing\/using any product, start by making sure that you follow all the instructions contained in the manufacturer&#8217;s instruction manuals. If the problem persists<\/li><\/ol><ol>\nContact the manufacturer or our company directly.\n<\/ol>\n<ol>\n\u2013 We do our best to have your product exchanged as quickly as possible, but the resolution time is not just up to us. All products entering our facilities are tested and shipped within a maximum period of 48 hours. Thereafter, it becomes the responsibility of manufacturers and suppliers.\n\u2013 In the case of discontinued products, the exchange may be made for an equivalent or superior product currently on sale, but this exchange is the responsibility of the supplier or manufacturer, if this is not possible, the value may be refunded.\n<\/ol>\n<strong>Termination of contract and returns<\/strong>\n<ol start=\"31\">\n \t<li>The customer has the right to cancel the purchase if he does not receive his product within a maximum period of 30 days and shipping is the responsibility of the customer.<\/li><\/ol>\n<ol start=\"32\"><li>\nThe customer has, under the law, the right to terminate the contract, which must be exercised by registered letter with acknowledgment of receipt, sent within a maximum period of 14 days from the date of receipt of the order, to the following address: R. Marqu\u00eas da Praia e Monfort 18, 9500-089 Ponta Delgada\nIn other words:<\/li>\n<\/ol>\n<ol>\n<ol>\nThe period of reflection due to customers who make purchases at a distance, during which they can return the goods purchased, is now 14 days for the entire European Union (law).<\/ol>\n<ol>\nReturn shipping costs are the responsibility of the customer.<\/ol><\/ol>\n<ol start=\"33\">\n \t<li>In case of contractual termination, the customer has a maximum period of 30 days, counting from the date of receipt of the order, to return the product(s) purchased with the company at the address indicated above to the company. s) respective packaging(s) in excellent condition, together with a copy of the sales invoice and the document confirming receipt of the order.<\/li><\/ol>\n<ol start=\"34\"><li> After receiving the returned order and all the documents referred to in the previous point, the company will refund, preferably by the same payment method if possible, within a maximum period of 14 days, the amounts paid by the customer, without any expenses for the customer, except for postage costs if applicable, except as provided in the following point.<\/li><\/ol>\n<\/ol>\n<ol>\nConditions of the right of free withdrawal for products:\n<\/ol>\n<ol>\n<ol start=\"1\"><li>\n&#8211; Books in original condition;<\/li><\/ol>\n<ol start=\"2\"><li>\n&#8211; Movies, TV and Music: CD, DVD, Vinyl, etc. with unopened packaging and seals intact;<\/li><\/ol>\n<ol start=\"3\"><li>\n&#8211; Software and Video Games with unopened packaging and seals intact;<\/li><\/ol>\n<ol start=\"4\"><li>\n&#8211; Electronics (TV, Audio, Video, IT, GPS, etc.) with products with no sign of misuse. Complete product return, with all its components and accessories, instruction manual and original packaging in perfect condition;<\/li><\/ol<\n<ol start=\"5\"><li>\n&#8211; Clothing, Shoes and Accessories in original condition and with all packaging and labels;<\/li><\/ol>\n<ol start=\"6\"><li>\n&#8211; Other products with no sign of misuse. Complete product return, with all its components and accessories, instruction manual and original packaging in perfect condition;<\/li><\/ol>\n<ol>\nThe consumer loses the right of free withdrawal if the above conditions are not confirmed.\n<\/ol>\n<\/ol>\n \t<strong> Consumer disputes<\/strong>\n<ol>\nThe European Union has created a website to support consumers in submitting their complaints about any litigation in which they are involved. In this context, the COMPANY provides all the information so that it can exercise its right to complain to an official, third party and impartial entity to the process. So, if you are dissatisfied with the purchase of a good or service on our website, or with the solution we have presented to resolve the situation, you can access this official website https:\/\/ec.europa.eu\/consumers\/odr and expose your challenge.\n<\/ol>\n<ol start=\"36\">\n \t<li>All electronic messages sent while accessing the online store, including emails and messages via an internet browser, will be considered, for the purposes of applicable law, as contractual declarations.<\/li><\/ol>\n<ol start=\"37\"><li>\nThe alternative dispute resolution is the possibility that all consumers have at their disposal to resort to official entities that help them in the resolution, or guidance of any conflict, before opening litigious processes in the courts. As a general rule, the procedure is as follows: the customer asks an impartial third party to act as an intermediary between him and the merchant, who is the target of his complaint. The intermediary can suggest a solution to your complaint, impose a solution on both parties, or bring the parties together to find a solution.<\/li>\n<\/ol>\n<ol>\nPerhaps you know the concept of alternative dispute resolution by another name: &#8216;mediation&#8217;, &#8216;conciliation&#8217;, &#8216;arbitration&#8217; or &#8216;competent committee in the context of consumer disputes&#8217;.\nAlternative dispute resolution is generally less expensive, less formal and faster than the legal route.\n<\/ol>\n<ol start=\"38\">\n \t<li>Suggestions from alternative dispute resolution entities:<\/li>\n<\/ol>\n<ol>\nCniacc \u2013 National Center for Information and Arbitration of Consumer Disputes\n<a href=\"https:\/\/www.cniacc.pt\/pt\/\">https:\/\/www.cniacc.pt\/pt\/<\/a>\n<\/ol>\n<ol>\nLisbon Consumer Conflict Arbitration Center\n<a href=\"http:\/\/www.centroarbitragemlisboa.pt\/\">http:\/\/www.centroarbitragemlisboa.pt\/<\/a>\n<\/ol>\n<ol>\nVale do Ave Consumer Conflict Arbitration Center\/Arbitration Court\n<a href=\"https:\/\/www.triave.pt\/\">https:\/\/www.triave.pt\/<\/a>\n<\/ol>\n<ol>\nCiab \u2013 Information Center &#8211;\nMediation and Consumer Arbitration (Consumption Arbitration Court)\n<a href=\"http:\/\/www.ciab.pt\/pt\/\">http:\/\/www.ciab.pt\/pt\/<\/a>\n<\/ol>\n<ol>\nCicap \u2013 Consumer Arbitration Court\n<a href=\"https:\/\/www.cicap.pt\/\">https:\/\/www.cicap.pt\/<\/a>\n<\/ol>\n<strong>Final dispositions<\/strong>\n<ol start=\"39\">\n \t<li>All electronic messages sent while accessing the online store, including emails and messages via an internet browser, will be considered, for the purposes of applicable law, as contractual declarations.<\/li><\/ol>\n<ol start=\"40\"><li>\n39. The COMPANY may send the customer information about new products, promotions or others of interest to the customers of the online store, if the customer has subscribed to the newsletter.<\/li><\/ol>\n<ol start=\"41\"><li>\nFor any comments or queries, please contact our customer support line at (+351) 296 286 069 or email <a href=\"mailto:geral@casacristal.pt\">geral@casacristal.pt<\/a> .<\/li>\n<\/ol>\t\t\t\t\t<\/div>\n\t\t\t\t\t\t<\/div>\n\t\t\t\t<\/div>\n\t\t\t\t\t\t<\/div>\n\t\t\t\t\t<\/div>\n\t\t<\/div>\n\t\t\t\t\t\t\t\t<\/div>\n\t\t\t\t\t<\/div>\n\t\t<\/section>\n\t\t\t\t\t\t<\/div>\n\t\t\t\t\t\t<\/div>\n\t\t\t\t\t<\/div>\n\t\t","protected":false},"excerpt":{"rendered":"<p>General conditions Terms and conditions All the &#8220;terms and conditions&#8221; of the online store http:\/\/casacristal.pt\/ of the company Casa Cristal de Tavares &amp; Ricardo Lda, headquartered at R. Marqu\u00eas da Praia e Monfort 18, 9500-089 Ponta Delgada, legal person no. 512021171, which is also its number registration at the Commercial Registry Office of Ponta Delgada,&hellip;<\/p>\n","protected":false},"author":1,"featured_media":0,"parent":0,"menu_order":0,"comment_status":"closed","ping_status":"closed","template":"","meta":[],"yoast_head":"<!-- This site is optimized with the Yoast SEO plugin v19.2 - https:\/\/yoast.com\/wordpress\/plugins\/seo\/ -->\n<title>Terms and conditions - Casa Cristal<\/title>\n<meta name=\"description\" content=\"See the terms and conditions of use of our website. Be sure to carefully read all terms displayed on the page.\" \/>\n<meta name=\"robots\" content=\"index, follow, max-snippet:-1, max-image-preview:large, max-video-preview:-1\" \/>\n<link rel=\"canonical\" href=\"https:\/\/casacristal.pt\/termos-e-condicoes\/\" \/>\n<meta property=\"og:locale\" content=\"en_US\" \/>\n<meta property=\"og:type\" content=\"article\" \/>\n<meta property=\"og:title\" content=\"Terms and conditions - Casa Cristal\" \/>\n<meta property=\"og:description\" content=\"See the terms and conditions of use of our website. Be sure to carefully read all terms displayed on the page.\" \/>\n<meta property=\"og:url\" content=\"https:\/\/casacristal.pt\/termos-e-condicoes\/\" \/>\n<meta property=\"og:site_name\" content=\"Casa Cristal\" \/>\n<meta property=\"article:modified_time\" content=\"2022-01-25T13:51:10+00:00\" \/>\n<meta name=\"author\" content=\"administrador\" \/>\n<meta name=\"twitter:card\" content=\"summary_large_image\" \/>\n<meta name=\"twitter:label1\" content=\"Est. reading time\" \/>\n\t<meta name=\"twitter:data1\" content=\"8 minutes\" \/>\n<script type=\"application\/ld+json\" class=\"yoast-schema-graph\">{\"@context\":\"https:\/\/schema.org\",\"@graph\":[{\"@type\":\"WebSite\",\"@id\":\"https:\/\/casacristal.pt\/#website\",\"url\":\"https:\/\/casacristal.pt\/\",\"name\":\"Casa Cristal\",\"description\":\"Artigo Religioso, Decora\u00e7\u00e3o e Utilidades dom\u00e9sticas e Hoteleiras - Ponta Delgada\",\"potentialAction\":[{\"@type\":\"SearchAction\",\"target\":{\"@type\":\"EntryPoint\",\"urlTemplate\":\"https:\/\/casacristal.pt\/?s={search_term_string}\"},\"query-input\":\"required name=search_term_string\"}],\"inLanguage\":\"en-US\"},{\"@type\":\"WebPage\",\"@id\":\"https:\/\/casacristal.pt\/termos-e-condicoes\/#webpage\",\"url\":\"https:\/\/casacristal.pt\/termos-e-condicoes\/\",\"name\":\"Terms and conditions - Casa Cristal\",\"isPartOf\":{\"@id\":\"https:\/\/casacristal.pt\/#website\"},\"datePublished\":\"2021-09-21T10:56:55+00:00\",\"dateModified\":\"2022-01-25T13:51:10+00:00\",\"description\":\"See the terms and conditions of use of our website. Be sure to carefully read all terms displayed on the page.\",\"breadcrumb\":{\"@id\":\"https:\/\/casacristal.pt\/termos-e-condicoes\/#breadcrumb\"},\"inLanguage\":\"en-US\",\"potentialAction\":[{\"@type\":\"ReadAction\",\"target\":[\"https:\/\/casacristal.pt\/termos-e-condicoes\/\"]}]},{\"@type\":\"BreadcrumbList\",\"@id\":\"https:\/\/casacristal.pt\/termos-e-condicoes\/#breadcrumb\",\"itemListElement\":[{\"@type\":\"ListItem\",\"position\":1,\"name\":\"Home\",\"item\":\"https:\/\/casacristal.pt\/en\/\"},{\"@type\":\"ListItem\",\"position\":2,\"name\":\"Terms and conditions\"}]}]}<\/script>\n<!-- \/ Yoast SEO plugin. -->","yoast_head_json":{"title":"Terms and conditions - Casa Cristal","description":"See the terms and conditions of use of our website. Be sure to carefully read all terms displayed on the page.","robots":{"index":"index","follow":"follow","max-snippet":"max-snippet:-1","max-image-preview":"max-image-preview:large","max-video-preview":"max-video-preview:-1"},"canonical":"https:\/\/casacristal.pt\/termos-e-condicoes\/","og_locale":"en_US","og_type":"article","og_title":"Terms and conditions - Casa Cristal","og_description":"See the terms and conditions of use of our website. Be sure to carefully read all terms displayed on the page.","og_url":"https:\/\/casacristal.pt\/termos-e-condicoes\/","og_site_name":"Casa Cristal","article_modified_time":"2022-01-25T13:51:10+00:00","author":"administrador","twitter_card":"summary_large_image","twitter_misc":{"Est. reading time":"8 minutes"},"schema":{"@context":"https:\/\/schema.org","@graph":[{"@type":"WebSite","@id":"https:\/\/casacristal.pt\/#website","url":"https:\/\/casacristal.pt\/","name":"Casa Cristal","description":"Artigo Religioso, Decora\u00e7\u00e3o e Utilidades dom\u00e9sticas e Hoteleiras - Ponta Delgada","potentialAction":[{"@type":"SearchAction","target":{"@type":"EntryPoint","urlTemplate":"https:\/\/casacristal.pt\/?s={search_term_string}"},"query-input":"required name=search_term_string"}],"inLanguage":"en-US"},{"@type":"WebPage","@id":"https:\/\/casacristal.pt\/termos-e-condicoes\/#webpage","url":"https:\/\/casacristal.pt\/termos-e-condicoes\/","name":"Terms and conditions - Casa Cristal","isPartOf":{"@id":"https:\/\/casacristal.pt\/#website"},"datePublished":"2021-09-21T10:56:55+00:00","dateModified":"2022-01-25T13:51:10+00:00","description":"See the terms and conditions of use of our website. Be sure to carefully read all terms displayed on the page.","breadcrumb":{"@id":"https:\/\/casacristal.pt\/termos-e-condicoes\/#breadcrumb"},"inLanguage":"en-US","potentialAction":[{"@type":"ReadAction","target":["https:\/\/casacristal.pt\/termos-e-condicoes\/"]}]},{"@type":"BreadcrumbList","@id":"https:\/\/casacristal.pt\/termos-e-condicoes\/#breadcrumb","itemListElement":[{"@type":"ListItem","position":1,"name":"Home","item":"https:\/\/casacristal.pt\/en\/"},{"@type":"ListItem","position":2,"name":"Terms and conditions"}]}]}},"_links":{"self":[{"href":"https:\/\/casacristal.pt\/en\/wp-json\/wp\/v2\/pages\/2585"}],"collection":[{"href":"https:\/\/casacristal.pt\/en\/wp-json\/wp\/v2\/pages"}],"about":[{"href":"https:\/\/casacristal.pt\/en\/wp-json\/wp\/v2\/types\/page"}],"author":[{"embeddable":true,"href":"https:\/\/casacristal.pt\/en\/wp-json\/wp\/v2\/users\/1"}],"replies":[{"embeddable":true,"href":"https:\/\/casacristal.pt\/en\/wp-json\/wp\/v2\/comments?post=2585"}],"version-history":[{"count":28,"href":"https:\/\/casacristal.pt\/en\/wp-json\/wp\/v2\/pages\/2585\/revisions"}],"predecessor-version":[{"id":4901,"href":"https:\/\/casacristal.pt\/en\/wp-json\/wp\/v2\/pages\/2585\/revisions\/4901"}],"wp:attachment":[{"href":"https:\/\/casacristal.pt\/en\/wp-json\/wp\/v2\/media?parent=2585"}],"curies":[{"name":"wp","href":"https:\/\/api.w.org\/{rel}","templated":true}]}}