{"id":2665,"date":"2021-09-28T10:17:11","date_gmt":"2021-09-28T10:17:11","guid":{"rendered":"http:\/\/casacristal.pt\/my-account\/"},"modified":"2022-01-14T13:57:30","modified_gmt":"2022-01-14T13:57:30","slug":"client-area","status":"publish","type":"page","link":"https:\/\/casacristal.pt\/en\/client-area\/","title":{"rendered":"Client area"},"content":{"rendered":"<div class=\"woocommerce\"><\/div>\n","protected":false},"excerpt":{"rendered":"","protected":false},"author":1,"featured_media":0,"parent":0,"menu_order":0,"comment_status":"closed","ping_status":"closed","template":"","meta":[],"yoast_head":"<!-- This site is optimized with the Yoast SEO plugin v19.2 - https:\/\/yoast.com\/wordpress\/plugins\/seo\/ -->\n<title>Home and Decoration - Client area - Casa Cristal<\/title>\n<meta name=\"description\" content=\"Create your account and enjoy the best home decor store. Log in and find everything you need for your home and decoration.\" \/>\n<meta name=\"robots\" content=\"index, follow, max-snippet:-1, max-image-preview:large, max-video-preview:-1\" \/>\n<link rel=\"canonical\" href=\"https:\/\/casacristal.pt\/en\/client-area\/\" \/>\n<meta property=\"og:locale\" content=\"en_US\" \/>\n<meta property=\"og:type\" content=\"article\" \/>\n<meta property=\"og:title\" content=\"Home and Decoration - Client area - Casa Cristal\" \/>\n<meta property=\"og:description\" content=\"Create your account and enjoy the best home decor store. Log in and find everything you need for your home and decoration.\" \/>\n<meta property=\"og:url\" content=\"https:\/\/casacristal.pt\/en\/client-area\/\" \/>\n<meta property=\"og:site_name\" content=\"Casa Cristal\" \/>\n<meta property=\"article:modified_time\" content=\"2022-01-14T13:57:30+00:00\" \/>\n<meta name=\"author\" content=\"administrador\" \/>\n<meta name=\"twitter:card\" content=\"summary_large_image\" \/>\n<script type=\"application\/ld+json\" class=\"yoast-schema-graph\">{\"@context\":\"https:\/\/schema.org\",\"@graph\":[{\"@type\":\"WebSite\",\"@id\":\"https:\/\/casacristal.pt\/#website\",\"url\":\"https:\/\/casacristal.pt\/\",\"name\":\"Casa Cristal\",\"description\":\"Artigo Religioso, Decora\u00e7\u00e3o e Utilidades dom\u00e9sticas e Hoteleiras - Ponta Delgada\",\"potentialAction\":[{\"@type\":\"SearchAction\",\"target\":{\"@type\":\"EntryPoint\",\"urlTemplate\":\"https:\/\/casacristal.pt\/?s={search_term_string}\"},\"query-input\":\"required name=search_term_string\"}],\"inLanguage\":\"en-US\"},{\"@type\":\"WebPage\",\"@id\":\"https:\/\/casacristal.pt\/en\/client-area\/#webpage\",\"url\":\"https:\/\/casacristal.pt\/en\/client-area\/\",\"name\":\"Home and Decoration - Client area - Casa Cristal\",\"isPartOf\":{\"@id\":\"https:\/\/casacristal.pt\/#website\"},\"datePublished\":\"2021-09-28T10:17:11+00:00\",\"dateModified\":\"2022-01-14T13:57:30+00:00\",\"description\":\"Create your account and enjoy the best home decor store. Log in and find everything you need for your home and decoration.\",\"breadcrumb\":{\"@id\":\"https:\/\/casacristal.pt\/en\/client-area\/#breadcrumb\"},\"inLanguage\":\"en-US\",\"potentialAction\":[{\"@type\":\"ReadAction\",\"target\":[\"https:\/\/casacristal.pt\/en\/client-area\/\"]}]},{\"@type\":\"BreadcrumbList\",\"@id\":\"https:\/\/casacristal.pt\/en\/client-area\/#breadcrumb\",\"itemListElement\":[{\"@type\":\"ListItem\",\"position\":1,\"name\":\"Home\",\"item\":\"https:\/\/casacristal.pt\/en\/\"},{\"@type\":\"ListItem\",\"position\":2,\"name\":\"Client area\"}]}]}<\/script>\n<!-- \/ Yoast SEO plugin. -->","yoast_head_json":{"title":"Home and Decoration - Client area - Casa Cristal","description":"Create your account and enjoy the best home decor store. Log in and find everything you need for your home and decoration.","robots":{"index":"index","follow":"follow","max-snippet":"max-snippet:-1","max-image-preview":"max-image-preview:large","max-video-preview":"max-video-preview:-1"},"canonical":"https:\/\/casacristal.pt\/en\/client-area\/","og_locale":"en_US","og_type":"article","og_title":"Home and Decoration - Client area - Casa Cristal","og_description":"Create your account and enjoy the best home decor store. Log in and find everything you need for your home and decoration.","og_url":"https:\/\/casacristal.pt\/en\/client-area\/","og_site_name":"Casa Cristal","article_modified_time":"2022-01-14T13:57:30+00:00","author":"administrador","twitter_card":"summary_large_image","schema":{"@context":"https:\/\/schema.org","@graph":[{"@type":"WebSite","@id":"https:\/\/casacristal.pt\/#website","url":"https:\/\/casacristal.pt\/","name":"Casa Cristal","description":"Artigo Religioso, Decora\u00e7\u00e3o e Utilidades dom\u00e9sticas e Hoteleiras - Ponta Delgada","potentialAction":[{"@type":"SearchAction","target":{"@type":"EntryPoint","urlTemplate":"https:\/\/casacristal.pt\/?s={search_term_string}"},"query-input":"required name=search_term_string"}],"inLanguage":"en-US"},{"@type":"WebPage","@id":"https:\/\/casacristal.pt\/en\/client-area\/#webpage","url":"https:\/\/casacristal.pt\/en\/client-area\/","name":"Home and Decoration - Client area - Casa Cristal","isPartOf":{"@id":"https:\/\/casacristal.pt\/#website"},"datePublished":"2021-09-28T10:17:11+00:00","dateModified":"2022-01-14T13:57:30+00:00","description":"Create your account and enjoy the best home decor store. Log in and find everything you need for your home and decoration.","breadcrumb":{"@id":"https:\/\/casacristal.pt\/en\/client-area\/#breadcrumb"},"inLanguage":"en-US","potentialAction":[{"@type":"ReadAction","target":["https:\/\/casacristal.pt\/en\/client-area\/"]}]},{"@type":"BreadcrumbList","@id":"https:\/\/casacristal.pt\/en\/client-area\/#breadcrumb","itemListElement":[{"@type":"ListItem","position":1,"name":"Home","item":"https:\/\/casacristal.pt\/en\/"},{"@type":"ListItem","position":2,"name":"Client area"}]}]}},"_links":{"self":[{"href":"https:\/\/casacristal.pt\/en\/wp-json\/wp\/v2\/pages\/2665"}],"collection":[{"href":"https:\/\/casacristal.pt\/en\/wp-json\/wp\/v2\/pages"}],"about":[{"href":"https:\/\/casacristal.pt\/en\/wp-json\/wp\/v2\/types\/page"}],"author":[{"embeddable":true,"href":"https:\/\/casacristal.pt\/en\/wp-json\/wp\/v2\/users\/1"}],"replies":[{"embeddable":true,"href":"https:\/\/casacristal.pt\/en\/wp-json\/wp\/v2\/comments?post=2665"}],"version-history":[{"count":2,"href":"https:\/\/casacristal.pt\/en\/wp-json\/wp\/v2\/pages\/2665\/revisions"}],"predecessor-version":[{"id":4700,"href":"https:\/\/casacristal.pt\/en\/wp-json\/wp\/v2\/pages\/2665\/revisions\/4700"}],"wp:attachment":[{"href":"https:\/\/casacristal.pt\/en\/wp-json\/wp\/v2\/media?parent=2665"}],"curies":[{"name":"wp","href":"https:\/\/api.w.org\/{rel}","templated":true}]}}