{"id":2699,"date":"2021-09-28T15:00:03","date_gmt":"2021-09-28T15:00:03","guid":{"rendered":"http:\/\/casacristal.pt\/promocoes\/"},"modified":"2022-01-27T10:04:27","modified_gmt":"2022-01-27T10:04:27","slug":"promotions","status":"publish","type":"page","link":"https:\/\/casacristal.pt\/en\/promotions\/","title":{"rendered":"Promotions"},"content":{"rendered":"\t\t<div data-elementor-type=\"wp-post\" data-elementor-id=\"2699\" class=\"elementor elementor-2699\" data-elementor-settings=\"[]\">\n\t\t\t\t\t\t<div class=\"elementor-inner\">\n\t\t\t\t\t\t\t<div class=\"elementor-section-wrap\">\n\t\t\t\t\t\t\t<section class=\"elementor-section elementor-top-section elementor-element elementor-element-ca80655 elementor-section-boxed elementor-section-height-default elementor-section-height-default sc_fly_static\" data-id=\"ca80655\" data-element_type=\"section\">\n\t\t\t\t\t\t<div class=\"elementor-container elementor-column-gap-extended\">\n\t\t\t\t\t\t\t<div class=\"elementor-row\">\n\t\t\t\t\t<div class=\"elementor-column elementor-col-100 elementor-top-column elementor-element elementor-element-6abc4d9 sc_inner_width_none sc_content_align_inherit sc_layouts_column_icons_position_left sc_fly_static\" data-id=\"6abc4d9\" data-element_type=\"column\">\n\t\t\t<div class=\"elementor-column-wrap elementor-element-populated\">\n\t\t\t\t\t\t\t<div class=\"elementor-widget-wrap\">\n\t\t\t\t\t\t<div class=\"elementor-element elementor-element-2ba3591 animation_type_block sc_fly_static elementor-widget elementor-widget-shortcode\" data-id=\"2ba3591\" data-element_type=\"widget\" data-widget_type=\"shortcode.default\">\n\t\t\t\t<div class=\"elementor-widget-container\">\n\t\t\t\t\t<div class=\"elementor-shortcode\"><div class=\"woocommerce columns-4 \"><\/div><\/div>\n\t\t\t\t<\/div>\n\t\t\t\t<\/div>\n\t\t\t\t\t\t<\/div>\n\t\t\t\t\t<\/div>\n\t\t<\/div>\n\t\t\t\t\t\t\t\t<\/div>\n\t\t\t\t\t<\/div>\n\t\t<\/section>\n\t\t\t\t\t\t<\/div>\n\t\t\t\t\t\t<\/div>\n\t\t\t\t\t<\/div>\n\t\t","protected":false},"excerpt":{"rendered":"","protected":false},"author":1,"featured_media":3213,"parent":0,"menu_order":0,"comment_status":"closed","ping_status":"closed","template":"","meta":[],"yoast_head":"<!-- This site is optimized with the Yoast SEO plugin v19.2 - https:\/\/yoast.com\/wordpress\/plugins\/seo\/ -->\n<title>Religious Articles Store - Promotions - Casa Cristal<\/title>\n<meta name=\"description\" content=\"The best promotions are at Casa Cristal just a click away. From religious articles to household items, we are the store you&#039;re looking for.\" \/>\n<meta name=\"robots\" content=\"index, follow, max-snippet:-1, max-image-preview:large, max-video-preview:-1\" \/>\n<link rel=\"canonical\" href=\"https:\/\/casacristal.pt\/en\/promotions\/\" \/>\n<meta property=\"og:locale\" content=\"en_US\" \/>\n<meta property=\"og:type\" content=\"article\" \/>\n<meta property=\"og:title\" content=\"Religious Articles Store - Promotions - Casa Cristal\" \/>\n<meta property=\"og:description\" content=\"The best promotions are at Casa Cristal just a click away. From religious articles to household items, we are the store you&#039;re looking for.\" \/>\n<meta property=\"og:url\" content=\"https:\/\/casacristal.pt\/en\/promotions\/\" \/>\n<meta property=\"og:site_name\" content=\"Casa Cristal\" \/>\n<meta property=\"article:modified_time\" content=\"2022-01-27T10:04:27+00:00\" \/>\n<meta property=\"og:image\" content=\"https:\/\/casacristal.pt\/wp-content\/uploads\/2021\/12\/CASA-CRISTAL-40-1024x683.jpg\" \/>\n\t<meta property=\"og:image:width\" content=\"1024\" \/>\n\t<meta property=\"og:image:height\" content=\"683\" \/>\n\t<meta property=\"og:image:type\" content=\"image\/jpeg\" \/>\n<meta name=\"author\" content=\"administrador\" \/>\n<meta name=\"twitter:card\" content=\"summary_large_image\" \/>\n<script type=\"application\/ld+json\" class=\"yoast-schema-graph\">{\"@context\":\"https:\/\/schema.org\",\"@graph\":[{\"@type\":\"WebSite\",\"@id\":\"https:\/\/casacristal.pt\/#website\",\"url\":\"https:\/\/casacristal.pt\/\",\"name\":\"Casa Cristal\",\"description\":\"Artigo Religioso, Decora\u00e7\u00e3o e Utilidades dom\u00e9sticas e Hoteleiras - Ponta Delgada\",\"potentialAction\":[{\"@type\":\"SearchAction\",\"target\":{\"@type\":\"EntryPoint\",\"urlTemplate\":\"https:\/\/casacristal.pt\/?s={search_term_string}\"},\"query-input\":\"required name=search_term_string\"}],\"inLanguage\":\"en-US\"},{\"@type\":\"ImageObject\",\"inLanguage\":\"en-US\",\"@id\":\"https:\/\/casacristal.pt\/en\/promotions\/#primaryimage\",\"url\":\"https:\/\/casacristal.pt\/wp-content\/uploads\/2021\/12\/CASA-CRISTAL-40-scaled.jpg\",\"contentUrl\":\"https:\/\/casacristal.pt\/wp-content\/uploads\/2021\/12\/CASA-CRISTAL-40-scaled.jpg\",\"width\":2560,\"height\":1707},{\"@type\":\"WebPage\",\"@id\":\"https:\/\/casacristal.pt\/en\/promotions\/#webpage\",\"url\":\"https:\/\/casacristal.pt\/en\/promotions\/\",\"name\":\"Religious Articles Store - Promotions - Casa Cristal\",\"isPartOf\":{\"@id\":\"https:\/\/casacristal.pt\/#website\"},\"primaryImageOfPage\":{\"@id\":\"https:\/\/casacristal.pt\/en\/promotions\/#primaryimage\"},\"datePublished\":\"2021-09-28T15:00:03+00:00\",\"dateModified\":\"2022-01-27T10:04:27+00:00\",\"description\":\"The best promotions are at Casa Cristal just a click away. From religious articles to household items, we are the store you're looking for.\",\"breadcrumb\":{\"@id\":\"https:\/\/casacristal.pt\/en\/promotions\/#breadcrumb\"},\"inLanguage\":\"en-US\",\"potentialAction\":[{\"@type\":\"ReadAction\",\"target\":[\"https:\/\/casacristal.pt\/en\/promotions\/\"]}]},{\"@type\":\"BreadcrumbList\",\"@id\":\"https:\/\/casacristal.pt\/en\/promotions\/#breadcrumb\",\"itemListElement\":[{\"@type\":\"ListItem\",\"position\":1,\"name\":\"Home\",\"item\":\"https:\/\/casacristal.pt\/en\/\"},{\"@type\":\"ListItem\",\"position\":2,\"name\":\"Promotions\"}]}]}<\/script>\n<!-- \/ Yoast SEO plugin. -->","yoast_head_json":{"title":"Religious Articles Store - Promotions - Casa Cristal","description":"The best promotions are at Casa Cristal just a click away. From religious articles to household items, we are the store you're looking for.","robots":{"index":"index","follow":"follow","max-snippet":"max-snippet:-1","max-image-preview":"max-image-preview:large","max-video-preview":"max-video-preview:-1"},"canonical":"https:\/\/casacristal.pt\/en\/promotions\/","og_locale":"en_US","og_type":"article","og_title":"Religious Articles Store - Promotions - Casa Cristal","og_description":"The best promotions are at Casa Cristal just a click away. From religious articles to household items, we are the store you're looking for.","og_url":"https:\/\/casacristal.pt\/en\/promotions\/","og_site_name":"Casa Cristal","article_modified_time":"2022-01-27T10:04:27+00:00","og_image":[{"width":1024,"height":683,"url":"https:\/\/casacristal.pt\/wp-content\/uploads\/2021\/12\/CASA-CRISTAL-40-1024x683.jpg","type":"image\/jpeg"}],"author":"administrador","twitter_card":"summary_large_image","schema":{"@context":"https:\/\/schema.org","@graph":[{"@type":"WebSite","@id":"https:\/\/casacristal.pt\/#website","url":"https:\/\/casacristal.pt\/","name":"Casa Cristal","description":"Artigo Religioso, Decora\u00e7\u00e3o e Utilidades dom\u00e9sticas e Hoteleiras - Ponta Delgada","potentialAction":[{"@type":"SearchAction","target":{"@type":"EntryPoint","urlTemplate":"https:\/\/casacristal.pt\/?s={search_term_string}"},"query-input":"required name=search_term_string"}],"inLanguage":"en-US"},{"@type":"ImageObject","inLanguage":"en-US","@id":"https:\/\/casacristal.pt\/en\/promotions\/#primaryimage","url":"https:\/\/casacristal.pt\/wp-content\/uploads\/2021\/12\/CASA-CRISTAL-40-scaled.jpg","contentUrl":"https:\/\/casacristal.pt\/wp-content\/uploads\/2021\/12\/CASA-CRISTAL-40-scaled.jpg","width":2560,"height":1707},{"@type":"WebPage","@id":"https:\/\/casacristal.pt\/en\/promotions\/#webpage","url":"https:\/\/casacristal.pt\/en\/promotions\/","name":"Religious Articles Store - Promotions - Casa Cristal","isPartOf":{"@id":"https:\/\/casacristal.pt\/#website"},"primaryImageOfPage":{"@id":"https:\/\/casacristal.pt\/en\/promotions\/#primaryimage"},"datePublished":"2021-09-28T15:00:03+00:00","dateModified":"2022-01-27T10:04:27+00:00","description":"The best promotions are at Casa Cristal just a click away. From religious articles to household items, we are the store you're looking for.","breadcrumb":{"@id":"https:\/\/casacristal.pt\/en\/promotions\/#breadcrumb"},"inLanguage":"en-US","potentialAction":[{"@type":"ReadAction","target":["https:\/\/casacristal.pt\/en\/promotions\/"]}]},{"@type":"BreadcrumbList","@id":"https:\/\/casacristal.pt\/en\/promotions\/#breadcrumb","itemListElement":[{"@type":"ListItem","position":1,"name":"Home","item":"https:\/\/casacristal.pt\/en\/"},{"@type":"ListItem","position":2,"name":"Promotions"}]}]}},"_links":{"self":[{"href":"https:\/\/casacristal.pt\/en\/wp-json\/wp\/v2\/pages\/2699"}],"collection":[{"href":"https:\/\/casacristal.pt\/en\/wp-json\/wp\/v2\/pages"}],"about":[{"href":"https:\/\/casacristal.pt\/en\/wp-json\/wp\/v2\/types\/page"}],"author":[{"embeddable":true,"href":"https:\/\/casacristal.pt\/en\/wp-json\/wp\/v2\/users\/1"}],"replies":[{"embeddable":true,"href":"https:\/\/casacristal.pt\/en\/wp-json\/wp\/v2\/comments?post=2699"}],"version-history":[{"count":1,"href":"https:\/\/casacristal.pt\/en\/wp-json\/wp\/v2\/pages\/2699\/revisions"}],"predecessor-version":[{"id":2700,"href":"https:\/\/casacristal.pt\/en\/wp-json\/wp\/v2\/pages\/2699\/revisions\/2700"}],"wp:featuredmedia":[{"embeddable":true,"href":"https:\/\/casacristal.pt\/en\/wp-json\/wp\/v2\/media\/3213"}],"wp:attachment":[{"href":"https:\/\/casacristal.pt\/en\/wp-json\/wp\/v2\/media?parent=2699"}],"curies":[{"name":"wp","href":"https:\/\/api.w.org\/{rel}","templated":true}]}}