{"id":10404,"date":"2022-03-28T17:39:28","date_gmt":"2022-03-28T17:39:28","guid":{"rendered":"http:\/\/casacristal.pt\/product\/coracao-de-jesus-27cm\/"},"modified":"2023-01-14T14:13:07","modified_gmt":"2023-01-14T14:13:07","slug":"coracao-de-jesus-27cm","status":"publish","type":"product","link":"https:\/\/casacristal.pt\/en\/product\/coracao-de-jesus-27cm\/","title":{"rendered":"Cora\u00e7\u00e3o de Jesus 27cm"},"content":{"rendered":"<p>Cora\u00e7\u00e3o de Jesus 27cm<\/p>\n","protected":false},"excerpt":{"rendered":"<p>Cora\u00e7\u00e3o de Jesus 27cm<\/p>\n","protected":false},"featured_media":10411,"template":"","meta":[],"product_cat":[369,370,398],"product_tag":[],"cat_produtos":[],"yoast_head":"<!-- This site is optimized with the Yoast SEO plugin v19.2 - https:\/\/yoast.com\/wordpress\/plugins\/seo\/ -->\n<title>Cora\u00e7\u00e3o de Jesus 27cm - Casa Cristal<\/title>\n<meta name=\"robots\" content=\"index, follow, max-snippet:-1, max-image-preview:large, max-video-preview:-1\" \/>\n<link rel=\"canonical\" href=\"https:\/\/casacristal.pt\/en\/product\/coracao-de-jesus-27cm\/\" \/>\n<meta property=\"og:locale\" content=\"en_US\" \/>\n<meta property=\"og:type\" content=\"article\" \/>\n<meta property=\"og:title\" content=\"Cora\u00e7\u00e3o de Jesus 27cm - Casa Cristal\" \/>\n<meta property=\"og:description\" content=\"Cora\u00e7\u00e3o de Jesus 27cm\" \/>\n<meta property=\"og:url\" content=\"https:\/\/casacristal.pt\/en\/product\/coracao-de-jesus-27cm\/\" \/>\n<meta property=\"og:site_name\" content=\"Casa Cristal\" \/>\n<meta property=\"article:modified_time\" content=\"2023-01-14T14:13:07+00:00\" \/>\n<meta property=\"og:image\" content=\"https:\/\/casacristal.pt\/wp-content\/uploads\/imagens\/analisadas\/64cim13.jpg\" \/>\n\t<meta property=\"og:image:width\" content=\"800\" \/>\n\t<meta property=\"og:image:height\" content=\"800\" \/>\n\t<meta property=\"og:image:type\" content=\"image\/jpeg\" \/>\n<meta name=\"author\" content=\"user\" \/>\n<meta name=\"twitter:card\" content=\"summary_large_image\" \/>\n<script type=\"application\/ld+json\" class=\"yoast-schema-graph\">{\"@context\":\"https:\/\/schema.org\",\"@graph\":[{\"@type\":\"WebSite\",\"@id\":\"https:\/\/casacristal.pt\/#website\",\"url\":\"https:\/\/casacristal.pt\/\",\"name\":\"Casa Cristal\",\"description\":\"Artigo Religioso, Decora\u00e7\u00e3o e Utilidades dom\u00e9sticas e Hoteleiras - Ponta Delgada\",\"potentialAction\":[{\"@type\":\"SearchAction\",\"target\":{\"@type\":\"EntryPoint\",\"urlTemplate\":\"https:\/\/casacristal.pt\/?s={search_term_string}\"},\"query-input\":\"required name=search_term_string\"}],\"inLanguage\":\"en-US\"},{\"@type\":\"ImageObject\",\"inLanguage\":\"en-US\",\"@id\":\"https:\/\/casacristal.pt\/en\/product\/coracao-de-jesus-27cm\/#primaryimage\",\"url\":\"https:\/\/casacristal.pt\/wp-content\/uploads\/imagens\/analisadas\/64cim13.jpg\",\"contentUrl\":\"https:\/\/casacristal.pt\/wp-content\/uploads\/imagens\/analisadas\/64cim13.jpg\",\"width\":800,\"height\":800},{\"@type\":\"WebPage\",\"@id\":\"https:\/\/casacristal.pt\/en\/product\/coracao-de-jesus-27cm\/#webpage\",\"url\":\"https:\/\/casacristal.pt\/en\/product\/coracao-de-jesus-27cm\/\",\"name\":\"Cora\u00e7\u00e3o de Jesus 27cm - Casa Cristal\",\"isPartOf\":{\"@id\":\"https:\/\/casacristal.pt\/#website\"},\"primaryImageOfPage\":{\"@id\":\"https:\/\/casacristal.pt\/en\/product\/coracao-de-jesus-27cm\/#primaryimage\"},\"datePublished\":\"2022-03-28T17:39:28+00:00\",\"dateModified\":\"2023-01-14T14:13:07+00:00\",\"breadcrumb\":{\"@id\":\"https:\/\/casacristal.pt\/en\/product\/coracao-de-jesus-27cm\/#breadcrumb\"},\"inLanguage\":\"en-US\",\"potentialAction\":[{\"@type\":\"ReadAction\",\"target\":[\"https:\/\/casacristal.pt\/en\/product\/coracao-de-jesus-27cm\/\"]}]},{\"@type\":\"BreadcrumbList\",\"@id\":\"https:\/\/casacristal.pt\/en\/product\/coracao-de-jesus-27cm\/#breadcrumb\",\"itemListElement\":[{\"@type\":\"ListItem\",\"position\":1,\"name\":\"Home\",\"item\":\"https:\/\/casacristal.pt\/en\/\"},{\"@type\":\"ListItem\",\"position\":2,\"name\":\"Products\",\"item\":\"https:\/\/casacristal.pt\/en\/products\/\"},{\"@type\":\"ListItem\",\"position\":3,\"name\":\"Cora\u00e7\u00e3o de Jesus 27cm\"}]}]}<\/script>\n<!-- \/ Yoast SEO plugin. -->","yoast_head_json":{"title":"Cora\u00e7\u00e3o de Jesus 27cm - Casa Cristal","robots":{"index":"index","follow":"follow","max-snippet":"max-snippet:-1","max-image-preview":"max-image-preview:large","max-video-preview":"max-video-preview:-1"},"canonical":"https:\/\/casacristal.pt\/en\/product\/coracao-de-jesus-27cm\/","og_locale":"en_US","og_type":"article","og_title":"Cora\u00e7\u00e3o de Jesus 27cm - Casa Cristal","og_description":"Cora\u00e7\u00e3o de Jesus 27cm","og_url":"https:\/\/casacristal.pt\/en\/product\/coracao-de-jesus-27cm\/","og_site_name":"Casa Cristal","article_modified_time":"2023-01-14T14:13:07+00:00","og_image":[{"width":800,"height":800,"url":"https:\/\/casacristal.pt\/wp-content\/uploads\/imagens\/analisadas\/64cim13.jpg","type":"image\/jpeg"}],"author":"user","twitter_card":"summary_large_image","schema":{"@context":"https:\/\/schema.org","@graph":[{"@type":"WebSite","@id":"https:\/\/casacristal.pt\/#website","url":"https:\/\/casacristal.pt\/","name":"Casa Cristal","description":"Artigo Religioso, Decora\u00e7\u00e3o e Utilidades dom\u00e9sticas e Hoteleiras - Ponta Delgada","potentialAction":[{"@type":"SearchAction","target":{"@type":"EntryPoint","urlTemplate":"https:\/\/casacristal.pt\/?s={search_term_string}"},"query-input":"required name=search_term_string"}],"inLanguage":"en-US"},{"@type":"ImageObject","inLanguage":"en-US","@id":"https:\/\/casacristal.pt\/en\/product\/coracao-de-jesus-27cm\/#primaryimage","url":"https:\/\/casacristal.pt\/wp-content\/uploads\/imagens\/analisadas\/64cim13.jpg","contentUrl":"https:\/\/casacristal.pt\/wp-content\/uploads\/imagens\/analisadas\/64cim13.jpg","width":800,"height":800},{"@type":"WebPage","@id":"https:\/\/casacristal.pt\/en\/product\/coracao-de-jesus-27cm\/#webpage","url":"https:\/\/casacristal.pt\/en\/product\/coracao-de-jesus-27cm\/","name":"Cora\u00e7\u00e3o de Jesus 27cm - Casa Cristal","isPartOf":{"@id":"https:\/\/casacristal.pt\/#website"},"primaryImageOfPage":{"@id":"https:\/\/casacristal.pt\/en\/product\/coracao-de-jesus-27cm\/#primaryimage"},"datePublished":"2022-03-28T17:39:28+00:00","dateModified":"2023-01-14T14:13:07+00:00","breadcrumb":{"@id":"https:\/\/casacristal.pt\/en\/product\/coracao-de-jesus-27cm\/#breadcrumb"},"inLanguage":"en-US","potentialAction":[{"@type":"ReadAction","target":["https:\/\/casacristal.pt\/en\/product\/coracao-de-jesus-27cm\/"]}]},{"@type":"BreadcrumbList","@id":"https:\/\/casacristal.pt\/en\/product\/coracao-de-jesus-27cm\/#breadcrumb","itemListElement":[{"@type":"ListItem","position":1,"name":"Home","item":"https:\/\/casacristal.pt\/en\/"},{"@type":"ListItem","position":2,"name":"Products","item":"https:\/\/casacristal.pt\/en\/products\/"},{"@type":"ListItem","position":3,"name":"Cora\u00e7\u00e3o de Jesus 27cm"}]}]}},"_links":{"self":[{"href":"https:\/\/casacristal.pt\/en\/wp-json\/wp\/v2\/product\/10404"}],"collection":[{"href":"https:\/\/casacristal.pt\/en\/wp-json\/wp\/v2\/product"}],"about":[{"href":"https:\/\/casacristal.pt\/en\/wp-json\/wp\/v2\/types\/product"}],"version-history":[{"count":1,"href":"https:\/\/casacristal.pt\/en\/wp-json\/wp\/v2\/product\/10404\/revisions"}],"predecessor-version":[{"id":10410,"href":"https:\/\/casacristal.pt\/en\/wp-json\/wp\/v2\/product\/10404\/revisions\/10410"}],"wp:featuredmedia":[{"embeddable":true,"href":"https:\/\/casacristal.pt\/en\/wp-json\/wp\/v2\/media\/10411"}],"wp:attachment":[{"href":"https:\/\/casacristal.pt\/en\/wp-json\/wp\/v2\/media?parent=10404"}],"wp:term":[{"taxonomy":"product_cat","embeddable":true,"href":"https:\/\/casacristal.pt\/en\/wp-json\/wp\/v2\/product_cat?post=10404"},{"taxonomy":"product_tag","embeddable":true,"href":"https:\/\/casacristal.pt\/en\/wp-json\/wp\/v2\/product_tag?post=10404"},{"taxonomy":"cat_produtos","embeddable":true,"href":"https:\/\/casacristal.pt\/en\/wp-json\/wp\/v2\/cat_produtos?post=10404"}],"curies":[{"name":"wp","href":"https:\/\/api.w.org\/{rel}","templated":true}]}}