{"id":10579,"date":"2022-03-30T14:47:17","date_gmt":"2022-03-30T14:47:17","guid":{"rendered":"http:\/\/casacristal.pt\/product\/santa-ines\/"},"modified":"2023-01-14T14:07:16","modified_gmt":"2023-01-14T14:07:16","slug":"santa-ines","status":"publish","type":"product","link":"https:\/\/casacristal.pt\/en\/product\/santa-ines\/","title":{"rendered":"Santa In\u00eas"},"content":{"rendered":"<p>Yellow and Blue Vase &#8211; Made In Portugal<\/p>\n","protected":false},"excerpt":{"rendered":"<p>Yellow and Blue Vase &#8211; Made In Portugal<\/p>\n","protected":false},"featured_media":11714,"template":"","meta":[],"product_cat":[369,370,400],"product_tag":[],"cat_produtos":[],"yoast_head":"<!-- This site is optimized with the Yoast SEO plugin v19.2 - https:\/\/yoast.com\/wordpress\/plugins\/seo\/ -->\n<title>Santa In\u00eas - Casa Cristal<\/title>\n<meta name=\"robots\" content=\"index, follow, max-snippet:-1, max-image-preview:large, max-video-preview:-1\" \/>\n<link rel=\"canonical\" href=\"https:\/\/casacristal.pt\/en\/product\/santa-ines\/\" \/>\n<meta property=\"og:locale\" content=\"en_US\" \/>\n<meta property=\"og:type\" content=\"article\" \/>\n<meta property=\"og:title\" content=\"Santa In\u00eas - Casa Cristal\" \/>\n<meta property=\"og:description\" content=\"Yellow and Blue Vase - Made In Portugal\" \/>\n<meta property=\"og:url\" content=\"https:\/\/casacristal.pt\/en\/product\/santa-ines\/\" \/>\n<meta property=\"og:site_name\" content=\"Casa Cristal\" \/>\n<meta property=\"article:modified_time\" content=\"2023-01-14T14:07:16+00:00\" \/>\n<meta property=\"og:image\" content=\"https:\/\/casacristal.pt\/wp-content\/uploads\/imagens\/analisadas\/51CIM149-683x1024.jpg\" \/>\n\t<meta property=\"og:image:width\" content=\"683\" \/>\n\t<meta property=\"og:image:height\" content=\"1024\" \/>\n\t<meta property=\"og:image:type\" content=\"image\/jpeg\" \/>\n<meta name=\"author\" content=\"user\" \/>\n<meta name=\"twitter:card\" content=\"summary_large_image\" \/>\n<script type=\"application\/ld+json\" class=\"yoast-schema-graph\">{\"@context\":\"https:\/\/schema.org\",\"@graph\":[{\"@type\":\"WebSite\",\"@id\":\"https:\/\/casacristal.pt\/#website\",\"url\":\"https:\/\/casacristal.pt\/\",\"name\":\"Casa Cristal\",\"description\":\"Artigo Religioso, Decora\u00e7\u00e3o e Utilidades dom\u00e9sticas e Hoteleiras - Ponta Delgada\",\"potentialAction\":[{\"@type\":\"SearchAction\",\"target\":{\"@type\":\"EntryPoint\",\"urlTemplate\":\"https:\/\/casacristal.pt\/?s={search_term_string}\"},\"query-input\":\"required name=search_term_string\"}],\"inLanguage\":\"en-US\"},{\"@type\":\"ImageObject\",\"inLanguage\":\"en-US\",\"@id\":\"https:\/\/casacristal.pt\/en\/product\/santa-ines\/#primaryimage\",\"url\":\"https:\/\/casacristal.pt\/wp-content\/uploads\/imagens\/analisadas\/51CIM149-scaled.jpg\",\"contentUrl\":\"https:\/\/casacristal.pt\/wp-content\/uploads\/imagens\/analisadas\/51CIM149-scaled.jpg\",\"width\":1707,\"height\":2560},{\"@type\":\"WebPage\",\"@id\":\"https:\/\/casacristal.pt\/en\/product\/santa-ines\/#webpage\",\"url\":\"https:\/\/casacristal.pt\/en\/product\/santa-ines\/\",\"name\":\"Santa In\u00eas - Casa Cristal\",\"isPartOf\":{\"@id\":\"https:\/\/casacristal.pt\/#website\"},\"primaryImageOfPage\":{\"@id\":\"https:\/\/casacristal.pt\/en\/product\/santa-ines\/#primaryimage\"},\"datePublished\":\"2022-03-30T14:47:17+00:00\",\"dateModified\":\"2023-01-14T14:07:16+00:00\",\"breadcrumb\":{\"@id\":\"https:\/\/casacristal.pt\/en\/product\/santa-ines\/#breadcrumb\"},\"inLanguage\":\"en-US\",\"potentialAction\":[{\"@type\":\"ReadAction\",\"target\":[\"https:\/\/casacristal.pt\/en\/product\/santa-ines\/\"]}]},{\"@type\":\"BreadcrumbList\",\"@id\":\"https:\/\/casacristal.pt\/en\/product\/santa-ines\/#breadcrumb\",\"itemListElement\":[{\"@type\":\"ListItem\",\"position\":1,\"name\":\"Home\",\"item\":\"https:\/\/casacristal.pt\/en\/\"},{\"@type\":\"ListItem\",\"position\":2,\"name\":\"Products\",\"item\":\"https:\/\/casacristal.pt\/en\/products\/\"},{\"@type\":\"ListItem\",\"position\":3,\"name\":\"Santa In\u00eas\"}]}]}<\/script>\n<!-- \/ Yoast SEO plugin. -->","yoast_head_json":{"title":"Santa In\u00eas - Casa Cristal","robots":{"index":"index","follow":"follow","max-snippet":"max-snippet:-1","max-image-preview":"max-image-preview:large","max-video-preview":"max-video-preview:-1"},"canonical":"https:\/\/casacristal.pt\/en\/product\/santa-ines\/","og_locale":"en_US","og_type":"article","og_title":"Santa In\u00eas - Casa Cristal","og_description":"Yellow and Blue Vase - Made In Portugal","og_url":"https:\/\/casacristal.pt\/en\/product\/santa-ines\/","og_site_name":"Casa Cristal","article_modified_time":"2023-01-14T14:07:16+00:00","og_image":[{"width":683,"height":1024,"url":"https:\/\/casacristal.pt\/wp-content\/uploads\/imagens\/analisadas\/51CIM149-683x1024.jpg","type":"image\/jpeg"}],"author":"user","twitter_card":"summary_large_image","schema":{"@context":"https:\/\/schema.org","@graph":[{"@type":"WebSite","@id":"https:\/\/casacristal.pt\/#website","url":"https:\/\/casacristal.pt\/","name":"Casa Cristal","description":"Artigo Religioso, Decora\u00e7\u00e3o e Utilidades dom\u00e9sticas e Hoteleiras - Ponta Delgada","potentialAction":[{"@type":"SearchAction","target":{"@type":"EntryPoint","urlTemplate":"https:\/\/casacristal.pt\/?s={search_term_string}"},"query-input":"required name=search_term_string"}],"inLanguage":"en-US"},{"@type":"ImageObject","inLanguage":"en-US","@id":"https:\/\/casacristal.pt\/en\/product\/santa-ines\/#primaryimage","url":"https:\/\/casacristal.pt\/wp-content\/uploads\/imagens\/analisadas\/51CIM149-scaled.jpg","contentUrl":"https:\/\/casacristal.pt\/wp-content\/uploads\/imagens\/analisadas\/51CIM149-scaled.jpg","width":1707,"height":2560},{"@type":"WebPage","@id":"https:\/\/casacristal.pt\/en\/product\/santa-ines\/#webpage","url":"https:\/\/casacristal.pt\/en\/product\/santa-ines\/","name":"Santa In\u00eas - Casa Cristal","isPartOf":{"@id":"https:\/\/casacristal.pt\/#website"},"primaryImageOfPage":{"@id":"https:\/\/casacristal.pt\/en\/product\/santa-ines\/#primaryimage"},"datePublished":"2022-03-30T14:47:17+00:00","dateModified":"2023-01-14T14:07:16+00:00","breadcrumb":{"@id":"https:\/\/casacristal.pt\/en\/product\/santa-ines\/#breadcrumb"},"inLanguage":"en-US","potentialAction":[{"@type":"ReadAction","target":["https:\/\/casacristal.pt\/en\/product\/santa-ines\/"]}]},{"@type":"BreadcrumbList","@id":"https:\/\/casacristal.pt\/en\/product\/santa-ines\/#breadcrumb","itemListElement":[{"@type":"ListItem","position":1,"name":"Home","item":"https:\/\/casacristal.pt\/en\/"},{"@type":"ListItem","position":2,"name":"Products","item":"https:\/\/casacristal.pt\/en\/products\/"},{"@type":"ListItem","position":3,"name":"Santa In\u00eas"}]}]}},"_links":{"self":[{"href":"https:\/\/casacristal.pt\/en\/wp-json\/wp\/v2\/product\/10579"}],"collection":[{"href":"https:\/\/casacristal.pt\/en\/wp-json\/wp\/v2\/product"}],"about":[{"href":"https:\/\/casacristal.pt\/en\/wp-json\/wp\/v2\/types\/product"}],"version-history":[{"count":2,"href":"https:\/\/casacristal.pt\/en\/wp-json\/wp\/v2\/product\/10579\/revisions"}],"predecessor-version":[{"id":14636,"href":"https:\/\/casacristal.pt\/en\/wp-json\/wp\/v2\/product\/10579\/revisions\/14636"}],"wp:featuredmedia":[{"embeddable":true,"href":"https:\/\/casacristal.pt\/en\/wp-json\/wp\/v2\/media\/11714"}],"wp:attachment":[{"href":"https:\/\/casacristal.pt\/en\/wp-json\/wp\/v2\/media?parent=10579"}],"wp:term":[{"taxonomy":"product_cat","embeddable":true,"href":"https:\/\/casacristal.pt\/en\/wp-json\/wp\/v2\/product_cat?post=10579"},{"taxonomy":"product_tag","embeddable":true,"href":"https:\/\/casacristal.pt\/en\/wp-json\/wp\/v2\/product_tag?post=10579"},{"taxonomy":"cat_produtos","embeddable":true,"href":"https:\/\/casacristal.pt\/en\/wp-json\/wp\/v2\/cat_produtos?post=10579"}],"curies":[{"name":"wp","href":"https:\/\/api.w.org\/{rel}","templated":true}]}}