{"id":221211,"date":"2023-02-14T16:25:45","date_gmt":"2023-02-14T16:25:45","guid":{"rendered":"https:\/\/casacristal.pt\/product\/terco-jardim-das-rosas-branco\/"},"modified":"2023-02-14T16:33:20","modified_gmt":"2023-02-14T16:33:20","slug":"terco-jardim-das-rosas-branco","status":"publish","type":"product","link":"https:\/\/casacristal.pt\/en\/product\/terco-jardim-das-rosas-branco\/","title":{"rendered":"Ter\u00e7o Jardim das Rosas Branco"},"content":{"rendered":"<p>Ter\u00e7o Jardim das Rosas Branco<\/p>\n","protected":false},"excerpt":{"rendered":"<p>Ter\u00e7o Jardim das Rosas Branco<\/p>\n","protected":false},"featured_media":221434,"template":"","meta":[],"product_cat":[369,438],"product_tag":[],"cat_produtos":[],"yoast_head":"<!-- This site is optimized with the Yoast SEO plugin v19.2 - https:\/\/yoast.com\/wordpress\/plugins\/seo\/ -->\n<title>Ter\u00e7o Jardim das Rosas Branco - Casa Cristal<\/title>\n<meta name=\"robots\" content=\"index, follow, max-snippet:-1, max-image-preview:large, max-video-preview:-1\" \/>\n<link rel=\"canonical\" href=\"https:\/\/casacristal.pt\/en\/product\/terco-jardim-das-rosas-branco\/\" \/>\n<meta property=\"og:locale\" content=\"en_US\" \/>\n<meta property=\"og:type\" content=\"article\" \/>\n<meta property=\"og:title\" content=\"Ter\u00e7o Jardim das Rosas Branco - Casa Cristal\" \/>\n<meta property=\"og:description\" content=\"Ter\u00e7o Jardim das Rosas Branco\" \/>\n<meta property=\"og:url\" content=\"https:\/\/casacristal.pt\/en\/product\/terco-jardim-das-rosas-branco\/\" \/>\n<meta property=\"og:site_name\" content=\"Casa Cristal\" \/>\n<meta property=\"article:modified_time\" content=\"2023-02-14T16:33:20+00:00\" \/>\n<meta property=\"og:image\" content=\"https:\/\/casacristal.pt\/wp-content\/uploads\/imagens\/analisadas\/88CTE146-scaled.jpg\" \/>\n\t<meta property=\"og:image:width\" content=\"1152\" \/>\n\t<meta property=\"og:image:height\" content=\"2560\" \/>\n\t<meta property=\"og:image:type\" content=\"image\/jpeg\" \/>\n<meta name=\"author\" content=\"user\" \/>\n<meta name=\"twitter:card\" content=\"summary_large_image\" \/>\n<script type=\"application\/ld+json\" class=\"yoast-schema-graph\">{\"@context\":\"https:\/\/schema.org\",\"@graph\":[{\"@type\":\"WebSite\",\"@id\":\"https:\/\/casacristal.pt\/#website\",\"url\":\"https:\/\/casacristal.pt\/\",\"name\":\"Casa Cristal\",\"description\":\"Artigo Religioso, Decora\u00e7\u00e3o e Utilidades dom\u00e9sticas e Hoteleiras - Ponta Delgada\",\"potentialAction\":[{\"@type\":\"SearchAction\",\"target\":{\"@type\":\"EntryPoint\",\"urlTemplate\":\"https:\/\/casacristal.pt\/?s={search_term_string}\"},\"query-input\":\"required name=search_term_string\"}],\"inLanguage\":\"en-US\"},{\"@type\":\"ImageObject\",\"inLanguage\":\"en-US\",\"@id\":\"https:\/\/casacristal.pt\/en\/product\/terco-jardim-das-rosas-branco\/#primaryimage\",\"url\":\"https:\/\/casacristal.pt\/wp-content\/uploads\/imagens\/analisadas\/88CTE146-scaled.jpg\",\"contentUrl\":\"https:\/\/casacristal.pt\/wp-content\/uploads\/imagens\/analisadas\/88CTE146-scaled.jpg\",\"width\":1152,\"height\":2560},{\"@type\":\"WebPage\",\"@id\":\"https:\/\/casacristal.pt\/en\/product\/terco-jardim-das-rosas-branco\/#webpage\",\"url\":\"https:\/\/casacristal.pt\/en\/product\/terco-jardim-das-rosas-branco\/\",\"name\":\"Ter\u00e7o Jardim das Rosas Branco - Casa Cristal\",\"isPartOf\":{\"@id\":\"https:\/\/casacristal.pt\/#website\"},\"primaryImageOfPage\":{\"@id\":\"https:\/\/casacristal.pt\/en\/product\/terco-jardim-das-rosas-branco\/#primaryimage\"},\"datePublished\":\"2023-02-14T16:25:45+00:00\",\"dateModified\":\"2023-02-14T16:33:20+00:00\",\"breadcrumb\":{\"@id\":\"https:\/\/casacristal.pt\/en\/product\/terco-jardim-das-rosas-branco\/#breadcrumb\"},\"inLanguage\":\"en-US\",\"potentialAction\":[{\"@type\":\"ReadAction\",\"target\":[\"https:\/\/casacristal.pt\/en\/product\/terco-jardim-das-rosas-branco\/\"]}]},{\"@type\":\"BreadcrumbList\",\"@id\":\"https:\/\/casacristal.pt\/en\/product\/terco-jardim-das-rosas-branco\/#breadcrumb\",\"itemListElement\":[{\"@type\":\"ListItem\",\"position\":1,\"name\":\"Home\",\"item\":\"https:\/\/casacristal.pt\/en\/\"},{\"@type\":\"ListItem\",\"position\":2,\"name\":\"Products\",\"item\":\"https:\/\/casacristal.pt\/en\/products\/\"},{\"@type\":\"ListItem\",\"position\":3,\"name\":\"Ter\u00e7o Jardim das Rosas Branco\"}]}]}<\/script>\n<!-- \/ Yoast SEO plugin. -->","yoast_head_json":{"title":"Ter\u00e7o Jardim das Rosas Branco - Casa Cristal","robots":{"index":"index","follow":"follow","max-snippet":"max-snippet:-1","max-image-preview":"max-image-preview:large","max-video-preview":"max-video-preview:-1"},"canonical":"https:\/\/casacristal.pt\/en\/product\/terco-jardim-das-rosas-branco\/","og_locale":"en_US","og_type":"article","og_title":"Ter\u00e7o Jardim das Rosas Branco - Casa Cristal","og_description":"Ter\u00e7o Jardim das Rosas Branco","og_url":"https:\/\/casacristal.pt\/en\/product\/terco-jardim-das-rosas-branco\/","og_site_name":"Casa Cristal","article_modified_time":"2023-02-14T16:33:20+00:00","og_image":[{"width":1152,"height":2560,"url":"https:\/\/casacristal.pt\/wp-content\/uploads\/imagens\/analisadas\/88CTE146-scaled.jpg","type":"image\/jpeg"}],"author":"user","twitter_card":"summary_large_image","schema":{"@context":"https:\/\/schema.org","@graph":[{"@type":"WebSite","@id":"https:\/\/casacristal.pt\/#website","url":"https:\/\/casacristal.pt\/","name":"Casa Cristal","description":"Artigo Religioso, Decora\u00e7\u00e3o e Utilidades dom\u00e9sticas e Hoteleiras - Ponta Delgada","potentialAction":[{"@type":"SearchAction","target":{"@type":"EntryPoint","urlTemplate":"https:\/\/casacristal.pt\/?s={search_term_string}"},"query-input":"required name=search_term_string"}],"inLanguage":"en-US"},{"@type":"ImageObject","inLanguage":"en-US","@id":"https:\/\/casacristal.pt\/en\/product\/terco-jardim-das-rosas-branco\/#primaryimage","url":"https:\/\/casacristal.pt\/wp-content\/uploads\/imagens\/analisadas\/88CTE146-scaled.jpg","contentUrl":"https:\/\/casacristal.pt\/wp-content\/uploads\/imagens\/analisadas\/88CTE146-scaled.jpg","width":1152,"height":2560},{"@type":"WebPage","@id":"https:\/\/casacristal.pt\/en\/product\/terco-jardim-das-rosas-branco\/#webpage","url":"https:\/\/casacristal.pt\/en\/product\/terco-jardim-das-rosas-branco\/","name":"Ter\u00e7o Jardim das Rosas Branco - Casa Cristal","isPartOf":{"@id":"https:\/\/casacristal.pt\/#website"},"primaryImageOfPage":{"@id":"https:\/\/casacristal.pt\/en\/product\/terco-jardim-das-rosas-branco\/#primaryimage"},"datePublished":"2023-02-14T16:25:45+00:00","dateModified":"2023-02-14T16:33:20+00:00","breadcrumb":{"@id":"https:\/\/casacristal.pt\/en\/product\/terco-jardim-das-rosas-branco\/#breadcrumb"},"inLanguage":"en-US","potentialAction":[{"@type":"ReadAction","target":["https:\/\/casacristal.pt\/en\/product\/terco-jardim-das-rosas-branco\/"]}]},{"@type":"BreadcrumbList","@id":"https:\/\/casacristal.pt\/en\/product\/terco-jardim-das-rosas-branco\/#breadcrumb","itemListElement":[{"@type":"ListItem","position":1,"name":"Home","item":"https:\/\/casacristal.pt\/en\/"},{"@type":"ListItem","position":2,"name":"Products","item":"https:\/\/casacristal.pt\/en\/products\/"},{"@type":"ListItem","position":3,"name":"Ter\u00e7o Jardim das Rosas Branco"}]}]}},"_links":{"self":[{"href":"https:\/\/casacristal.pt\/en\/wp-json\/wp\/v2\/product\/221211"}],"collection":[{"href":"https:\/\/casacristal.pt\/en\/wp-json\/wp\/v2\/product"}],"about":[{"href":"https:\/\/casacristal.pt\/en\/wp-json\/wp\/v2\/types\/product"}],"version-history":[{"count":1,"href":"https:\/\/casacristal.pt\/en\/wp-json\/wp\/v2\/product\/221211\/revisions"}],"predecessor-version":[{"id":221260,"href":"https:\/\/casacristal.pt\/en\/wp-json\/wp\/v2\/product\/221211\/revisions\/221260"}],"wp:featuredmedia":[{"embeddable":true,"href":"https:\/\/casacristal.pt\/en\/wp-json\/wp\/v2\/media\/221434"}],"wp:attachment":[{"href":"https:\/\/casacristal.pt\/en\/wp-json\/wp\/v2\/media?parent=221211"}],"wp:term":[{"taxonomy":"product_cat","embeddable":true,"href":"https:\/\/casacristal.pt\/en\/wp-json\/wp\/v2\/product_cat?post=221211"},{"taxonomy":"product_tag","embeddable":true,"href":"https:\/\/casacristal.pt\/en\/wp-json\/wp\/v2\/product_tag?post=221211"},{"taxonomy":"cat_produtos","embeddable":true,"href":"https:\/\/casacristal.pt\/en\/wp-json\/wp\/v2\/cat_produtos?post=221211"}],"curies":[{"name":"wp","href":"https:\/\/api.w.org\/{rel}","templated":true}]}}